{"id":102,"date":"2014-04-11T07:54:00","date_gmt":"2014-04-11T07:54:00","guid":{"rendered":"https:\/\/www.marzinfuoco.it\/live4\/live3\/home-2\/"},"modified":"2022-03-26T13:39:56","modified_gmt":"2022-03-26T11:39:56","slug":"home","status":"publish","type":"page","link":"https:\/\/www.marzinfuoco.it\/en\/","title":{"rendered":"About Marzin"},"content":{"rendered":"<div class=\"container-fluid \"> <div class=\"ddl-full-width-row row ddl-frontend-editor-row ddl-frontend-editor-editable\" data-id='' data-name='Post content row' data-type='row' data-layout_slug='' data-kind='Row' > <div class=\"col-sm-12 ddl-frontend-editor-cell ddl-frontend-editor-editable js-ddl-frontend-editor-cell\" id=\"span1\" data-id='' data-name='Post Content Cell' data-type='cell-text' data-layout_slug='' data-kind='Cell'><p>MARZIN dal 1989 per donare calore alle vostre case<br \/> Da oltre 25 anni la nostra azienda si occupa di riscaldamento a biomassa e ad energia alternative, il nostro obiettivo \u00e8 quello di riscaldare le vostre case con prodotti superiori, per il miglior risultato al prezzo pi\u00f9 vantaggioso, studiando e progettando impianti su misura per ogni tipo di esigenza.<\/p> <p>MARZIN SAS \u00e8 un\u2019azienda nuova dal calore familiare, venite a trovarci per ammirare la vasta gamma dei nostri prodotti tutti italiani ad alto rendimento, con i pi\u00f9 bassi consumi: stufe, caminetti ad\u2019aria e idro, caldaie e molti altri, vi aiuteremo personalmente con professionalit\u00e0 e attenzione ad ogni vostra esigenza.<\/p> <p>Ci siamo per assicurarvi un\u2019assistenza tecnica di qualit\u00e0, seria e competente dall\u2019inizio alla fine: la nostra forza \u00e8 la cura dei nostri clienti, vi offriamo l\u2019opportunit\u00e0 di usufruire del nostro servizio di sopralluogo senza impegno, ci occupiamo di fornire preventivi mirati ai bisogni di ognuno e realizziamo installazioni sicure garantite e certificate. Ancora, non vi abbandoniamo, mettendo a vostra disposizione i nostri servizi di assistenza post vendita, anche per la pulizia e la manutenzione di canne fumarie, con velocit\u00e0, grande flessibilit\u00e0 e disponibilit\u00e0, sempre al vostro servizio.<\/p> <p><a href=\"https:\/\/www.marzinfuoco.it\/live4\/live3\/wp-content\/uploads\/2020\/07\/Array-1024x582-1.jpg\"><img loading=\"lazy\" decoding=\"async\" class=\"alignnone wp-image-1448\" src=\"https:\/\/www.marzinfuoco.it\/live4\/live3\/wp-content\/uploads\/2020\/07\/Array-1024x582-1-300x171.jpg\" alt=\"\" width=\"439\" height=\"250\" srcset=\"https:\/\/www.marzinfuoco.it\/live4\/live3\/wp-content\/uploads\/2020\/07\/Array-1024x582-1-300x171.jpg 300w, https:\/\/www.marzinfuoco.it\/live4\/live3\/wp-content\/uploads\/2020\/07\/Array-1024x582-1-768x437.jpg 768w, https:\/\/www.marzinfuoco.it\/live4\/live3\/wp-content\/uploads\/2020\/07\/Array-1024x582-1.jpg 1024w\" sizes=\"auto, (max-width: 439px) 100vw, 439px\" \/><\/a> <a href=\"https:\/\/www.marzinfuoco.it\/live4\/live3\/wp-content\/uploads\/2020\/07\/ravelli-ecoteck-rcv-1000-10-kw-e1429401697672-188x250-1.jpg\"><img loading=\"lazy\" decoding=\"async\" class=\"alignnone size-medium wp-image-1449\" src=\"https:\/\/www.marzinfuoco.it\/live4\/live3\/wp-content\/uploads\/2020\/07\/ravelli-ecoteck-rcv-1000-10-kw-e1429401697672-188x250-1.jpg\" alt=\"\" width=\"188\" height=\"250\" \/><\/a><\/p> <\/div><\/div><\/div>","protected":false},"excerpt":{"rendered":"<p>MARZIN dal 1989 per donare calore alle vostre case Da oltre 25 anni la nostra azienda si occupa di riscaldamento a biomassa e ad energia alternative, il nostro obiettivo \u00e8 quello di riscaldare le vostre case con prodotti superiori, per il miglior risultato al prezzo pi\u00f9 vantaggioso, studiando e progettando impianti su misura per ogni [&hellip;]<\/p>\n","protected":false},"author":2,"featured_media":0,"parent":0,"menu_order":0,"comment_status":"open","ping_status":"open","template":"page-prodotti-dettaglio.php","meta":{"footnotes":""},"class_list":["post-102","page","type-page","status-publish","hentry"],"yoast_head":"<!-- This site is optimized with the Yoast SEO plugin v26.9 - https:\/\/yoast.com\/product\/yoast-seo-wordpress\/ -->\n<title>Marzin Fireplaces and Stoves | Official site | cookers, boilers and chimneys Pordenone |<\/title>\n<meta name=\"description\" content=\"Marzin Fireplaces and stoves have an &#039;experience of over 20 years in the field of biomass heating and and&#039; ever-changing industry. You will always find qualified staff can provide information tecnice and practices in order to find the right solution to your problems and answer your heating needs by getting a significant savings.\" \/>\n<meta name=\"robots\" content=\"index, follow, max-snippet:-1, max-image-preview:large, max-video-preview:-1\" \/>\n<link rel=\"canonical\" href=\"https:\/\/www.marzinfuoco.it\/en\/\" \/>\n<meta property=\"og:locale\" content=\"en_US\" \/>\n<meta property=\"og:type\" content=\"article\" \/>\n<meta property=\"og:title\" content=\"Marzin Fireplaces and Stoves | Official site | cookers, boilers and chimneys Pordenone |\" \/>\n<meta property=\"og:description\" content=\"Marzin Fireplaces and stoves have an &#039;experience of over 20 years in the field of biomass heating and and&#039; ever-changing industry. You will always find qualified staff can provide information tecnice and practices in order to find the right solution to your problems and answer your heating needs by getting a significant savings.\" \/>\n<meta property=\"og:url\" content=\"https:\/\/www.marzinfuoco.it\/en\/\" \/>\n<meta property=\"og:site_name\" content=\"Marzin Fuoco\" \/>\n<meta property=\"article:modified_time\" content=\"2022-03-26T11:39:56+00:00\" \/>\n<meta property=\"og:image\" content=\"https:\/\/www.marzinfuoco.it\/live4\/live3\/wp-content\/uploads\/2020\/07\/Array-1024x582-1-300x171.jpg\" \/>\n<meta name=\"twitter:card\" content=\"summary_large_image\" \/>\n<meta name=\"twitter:label1\" content=\"Est. reading time\" \/>\n\t<meta name=\"twitter:data1\" content=\"1 minute\" \/>\n<script type=\"application\/ld+json\" class=\"yoast-schema-graph\">{\"@context\":\"https:\/\/schema.org\",\"@graph\":[{\"@type\":\"WebPage\",\"@id\":\"https:\/\/www.marzinfuoco.it\/en\/\",\"url\":\"https:\/\/www.marzinfuoco.it\/en\/\",\"name\":\"Marzin Fireplaces and Stoves | Official site | cookers, boilers and chimneys Pordenone |\",\"isPartOf\":{\"@id\":\"https:\/\/www.marzinfuoco.it\/en\/#website\"},\"primaryImageOfPage\":{\"@id\":\"https:\/\/www.marzinfuoco.it\/en\/#primaryimage\"},\"image\":{\"@id\":\"https:\/\/www.marzinfuoco.it\/en\/#primaryimage\"},\"thumbnailUrl\":\"https:\/\/www.marzinfuoco.it\/live4\/live3\/wp-content\/uploads\/2020\/07\/Array-1024x582-1-300x171.jpg\",\"datePublished\":\"2014-04-11T07:54:00+00:00\",\"dateModified\":\"2022-03-26T11:39:56+00:00\",\"description\":\"Marzin Fireplaces and stoves have an 'experience of over 20 years in the field of biomass heating and and' ever-changing industry. You will always find qualified staff can provide information tecnice and practices in order to find the right solution to your problems and answer your heating needs by getting a significant savings.\",\"breadcrumb\":{\"@id\":\"https:\/\/www.marzinfuoco.it\/en\/#breadcrumb\"},\"inLanguage\":\"en-US\",\"potentialAction\":[{\"@type\":\"ReadAction\",\"target\":[\"https:\/\/www.marzinfuoco.it\/en\/\"]}]},{\"@type\":\"ImageObject\",\"inLanguage\":\"en-US\",\"@id\":\"https:\/\/www.marzinfuoco.it\/en\/#primaryimage\",\"url\":\"https:\/\/www.marzinfuoco.it\/live4\/live3\/wp-content\/uploads\/2020\/07\/Array-1024x582-1-300x171.jpg\",\"contentUrl\":\"https:\/\/www.marzinfuoco.it\/live4\/live3\/wp-content\/uploads\/2020\/07\/Array-1024x582-1-300x171.jpg\"},{\"@type\":\"BreadcrumbList\",\"@id\":\"https:\/\/www.marzinfuoco.it\/en\/#breadcrumb\",\"itemListElement\":[{\"@type\":\"ListItem\",\"position\":1,\"name\":\"Home\",\"item\":\"https:\/\/www.marzinfuoco.it\/en\/\"},{\"@type\":\"ListItem\",\"position\":2,\"name\":\"About Marzin\"}]},{\"@type\":\"WebSite\",\"@id\":\"https:\/\/www.marzinfuoco.it\/en\/#website\",\"url\":\"https:\/\/www.marzinfuoco.it\/en\/\",\"name\":\"Marzin Fuoco\",\"description\":\"Just another WordPress site\",\"potentialAction\":[{\"@type\":\"SearchAction\",\"target\":{\"@type\":\"EntryPoint\",\"urlTemplate\":\"https:\/\/www.marzinfuoco.it\/en\/?s={search_term_string}\"},\"query-input\":{\"@type\":\"PropertyValueSpecification\",\"valueRequired\":true,\"valueName\":\"search_term_string\"}}],\"inLanguage\":\"en-US\"}]}<\/script>\n<!-- \/ Yoast SEO plugin. -->","yoast_head_json":{"title":"Marzin Fireplaces and Stoves | Official site | cookers, boilers and chimneys Pordenone |","description":"Marzin Fireplaces and stoves have an 'experience of over 20 years in the field of biomass heating and and' ever-changing industry. You will always find qualified staff can provide information tecnice and practices in order to find the right solution to your problems and answer your heating needs by getting a significant savings.","robots":{"index":"index","follow":"follow","max-snippet":"max-snippet:-1","max-image-preview":"max-image-preview:large","max-video-preview":"max-video-preview:-1"},"canonical":"https:\/\/www.marzinfuoco.it\/en\/","og_locale":"en_US","og_type":"article","og_title":"Marzin Fireplaces and Stoves | Official site | cookers, boilers and chimneys Pordenone |","og_description":"Marzin Fireplaces and stoves have an 'experience of over 20 years in the field of biomass heating and and' ever-changing industry. You will always find qualified staff can provide information tecnice and practices in order to find the right solution to your problems and answer your heating needs by getting a significant savings.","og_url":"https:\/\/www.marzinfuoco.it\/en\/","og_site_name":"Marzin Fuoco","article_modified_time":"2022-03-26T11:39:56+00:00","og_image":[{"url":"https:\/\/www.marzinfuoco.it\/live4\/live3\/wp-content\/uploads\/2020\/07\/Array-1024x582-1-300x171.jpg","type":"","width":"","height":""}],"twitter_card":"summary_large_image","twitter_misc":{"Est. reading time":"1 minute"},"schema":{"@context":"https:\/\/schema.org","@graph":[{"@type":"WebPage","@id":"https:\/\/www.marzinfuoco.it\/en\/","url":"https:\/\/www.marzinfuoco.it\/en\/","name":"Marzin Fireplaces and Stoves | Official site | cookers, boilers and chimneys Pordenone |","isPartOf":{"@id":"https:\/\/www.marzinfuoco.it\/en\/#website"},"primaryImageOfPage":{"@id":"https:\/\/www.marzinfuoco.it\/en\/#primaryimage"},"image":{"@id":"https:\/\/www.marzinfuoco.it\/en\/#primaryimage"},"thumbnailUrl":"https:\/\/www.marzinfuoco.it\/live4\/live3\/wp-content\/uploads\/2020\/07\/Array-1024x582-1-300x171.jpg","datePublished":"2014-04-11T07:54:00+00:00","dateModified":"2022-03-26T11:39:56+00:00","description":"Marzin Fireplaces and stoves have an 'experience of over 20 years in the field of biomass heating and and' ever-changing industry. You will always find qualified staff can provide information tecnice and practices in order to find the right solution to your problems and answer your heating needs by getting a significant savings.","breadcrumb":{"@id":"https:\/\/www.marzinfuoco.it\/en\/#breadcrumb"},"inLanguage":"en-US","potentialAction":[{"@type":"ReadAction","target":["https:\/\/www.marzinfuoco.it\/en\/"]}]},{"@type":"ImageObject","inLanguage":"en-US","@id":"https:\/\/www.marzinfuoco.it\/en\/#primaryimage","url":"https:\/\/www.marzinfuoco.it\/live4\/live3\/wp-content\/uploads\/2020\/07\/Array-1024x582-1-300x171.jpg","contentUrl":"https:\/\/www.marzinfuoco.it\/live4\/live3\/wp-content\/uploads\/2020\/07\/Array-1024x582-1-300x171.jpg"},{"@type":"BreadcrumbList","@id":"https:\/\/www.marzinfuoco.it\/en\/#breadcrumb","itemListElement":[{"@type":"ListItem","position":1,"name":"Home","item":"https:\/\/www.marzinfuoco.it\/en\/"},{"@type":"ListItem","position":2,"name":"About Marzin"}]},{"@type":"WebSite","@id":"https:\/\/www.marzinfuoco.it\/en\/#website","url":"https:\/\/www.marzinfuoco.it\/en\/","name":"Marzin Fuoco","description":"Just another WordPress site","potentialAction":[{"@type":"SearchAction","target":{"@type":"EntryPoint","urlTemplate":"https:\/\/www.marzinfuoco.it\/en\/?s={search_term_string}"},"query-input":{"@type":"PropertyValueSpecification","valueRequired":true,"valueName":"search_term_string"}}],"inLanguage":"en-US"}]}},"_links":{"self":[{"href":"https:\/\/www.marzinfuoco.it\/en\/wp-json\/wp\/v2\/pages\/102","targetHints":{"allow":["GET"]}}],"collection":[{"href":"https:\/\/www.marzinfuoco.it\/en\/wp-json\/wp\/v2\/pages"}],"about":[{"href":"https:\/\/www.marzinfuoco.it\/en\/wp-json\/wp\/v2\/types\/page"}],"author":[{"embeddable":true,"href":"https:\/\/www.marzinfuoco.it\/en\/wp-json\/wp\/v2\/users\/2"}],"replies":[{"embeddable":true,"href":"https:\/\/www.marzinfuoco.it\/en\/wp-json\/wp\/v2\/comments?post=102"}],"version-history":[{"count":7,"href":"https:\/\/www.marzinfuoco.it\/en\/wp-json\/wp\/v2\/pages\/102\/revisions"}],"predecessor-version":[{"id":1487,"href":"https:\/\/www.marzinfuoco.it\/en\/wp-json\/wp\/v2\/pages\/102\/revisions\/1487"}],"wp:attachment":[{"href":"https:\/\/www.marzinfuoco.it\/en\/wp-json\/wp\/v2\/media?parent=102"}],"curies":[{"name":"wp","href":"https:\/\/api.w.org\/{rel}","templated":true}]}}